{"id":1903,"date":"2019-07-09T03:41:52","date_gmt":"2019-07-09T03:41:52","guid":{"rendered":"https:\/\/trychologwalbrzych.pl\/?page_id=1903"},"modified":"2019-07-09T08:11:26","modified_gmt":"2019-07-09T08:11:26","slug":"o-mnie","status":"publish","type":"page","link":"https:\/\/trychologwalbrzych.pl\/?page_id=1903","title":{"rendered":"O MNIE"},"content":{"rendered":"\t\t<div data-elementor-type=\"wp-post\" data-elementor-id=\"1903\" class=\"elementor elementor-1903 elementor-bc-flex-widget\" data-elementor-settings=\"[]\">\n\t\t\t\t\t\t<div class=\"elementor-inner\">\n\t\t\t\t\t\t\t<div class=\"elementor-section-wrap\">\n\t\t\t\t\t\t\t<section class=\"elementor-section elementor-top-section elementor-element elementor-element-491c22dc elementor-section-content-middle elementor-section-boxed elementor-section-height-default elementor-section-height-default\" data-id=\"491c22dc\" data-element_type=\"section\">\n\t\t\t\t\t\t<div class=\"elementor-container elementor-column-gap-no\">\n\t\t\t\t\t\t\t<div class=\"elementor-row\">\n\t\t\t\t\t<div class=\"elementor-column elementor-col-50 elementor-top-column elementor-element elementor-element-5fbc2044\" data-id=\"5fbc2044\" data-element_type=\"column\">\n\t\t\t<div class=\"elementor-column-wrap elementor-element-populated\">\n\t\t\t\t\t\t\t<div class=\"elementor-widget-wrap\">\n\t\t\t\t\t\t<div class=\"elementor-element elementor-element-682230bf elementor-invisible elementor-widget elementor-widget-image\" data-id=\"682230bf\" data-element_type=\"widget\" data-settings=\"{&quot;_animation&quot;:&quot;fadeInLeft&quot;}\" data-widget_type=\"image.default\">\n\t\t\t\t<div class=\"elementor-widget-container\">\n\t\t\t\t\t\t\t\t<div class=\"elementor-image\">\n\t\t\t\t\t\t\t\t\t\t\t\t<img width=\"3352\" height=\"5028\" src=\"https:\/\/trychologwalbrzych.pl\/wp-content\/uploads\/2019\/07\/IMG_8679-PS1.jpg\" class=\"attachment-full size-full\" alt=\"\" loading=\"lazy\" srcset=\"https:\/\/trychologwalbrzych.pl\/wp-content\/uploads\/2019\/07\/IMG_8679-PS1.jpg 3352w, https:\/\/trychologwalbrzych.pl\/wp-content\/uploads\/2019\/07\/IMG_8679-PS1-200x300.jpg 200w, https:\/\/trychologwalbrzych.pl\/wp-content\/uploads\/2019\/07\/IMG_8679-PS1-768x1152.jpg 768w, https:\/\/trychologwalbrzych.pl\/wp-content\/uploads\/2019\/07\/IMG_8679-PS1-683x1024.jpg 683w\" sizes=\"(max-width: 3352px) 100vw, 3352px\" \/>\t\t\t\t\t\t\t\t\t\t\t\t\t\t<\/div>\n\t\t\t\t\t\t<\/div>\n\t\t\t\t<\/div>\n\t\t\t\t\t\t<\/div>\n\t\t\t\t\t<\/div>\n\t\t<\/div>\n\t\t\t\t<div class=\"elementor-column elementor-col-50 elementor-top-column elementor-element elementor-element-5e6a0481 elementor-invisible\" data-id=\"5e6a0481\" data-element_type=\"column\" data-settings=\"{&quot;animation&quot;:&quot;fadeInRight&quot;}\">\n\t\t\t<div class=\"elementor-column-wrap elementor-element-populated\">\n\t\t\t\t\t\t\t<div class=\"elementor-widget-wrap\">\n\t\t\t\t\t\t<div class=\"elementor-element elementor-element-7a78c700 elementor-view-default elementor-invisible elementor-widget elementor-widget-icon\" data-id=\"7a78c700\" data-element_type=\"widget\" data-settings=\"{&quot;_animation&quot;:&quot;zoomIn&quot;}\" data-widget_type=\"icon.default\">\n\t\t\t\t<div class=\"elementor-widget-container\">\n\t\t\t\t\t<div class=\"elementor-icon-wrapper\">\n\t\t\t<div class=\"elementor-icon\">\n\t\t\t\t\t\t\t<i class=\"fa fa-quote-left\" aria-hidden=\"true\"><\/i>\n\t\t\t\t\t\t<\/div>\n\t\t<\/div>\n\t\t\t\t<\/div>\n\t\t\t\t<\/div>\n\t\t\t\t<div class=\"elementor-element elementor-element-25fed187 elementor-widget elementor-widget-text-editor\" data-id=\"25fed187\" data-element_type=\"widget\" data-widget_type=\"text-editor.default\">\n\t\t\t\t<div class=\"elementor-widget-container\">\n\t\t\t\t\t\t\t\t<div class=\"elementor-text-editor elementor-clearfix\">\n\t\t\t\t<p>&#8220;Wybierz sobie zaw\u00f3d, kt\u00f3ry jest Twoj\u0105 pasj\u0105, a ju\u017c nigdy nie b\u0119dziesz pracowa\u0107&#8221;. To motto towarzyszy mi w moim \u017cyciu zawodowym od kiedy zaj\u0119\u0142am si\u0119 medycyn\u0105 naturaln\u0105.<\/p><p>Uko\u0144czy\u0142am Studium Niekonwencjonalnych Metod Leczenia oraz liczne kursy terapii manualnych. Jednak nie przypuszcza\u0142am, \u017ce trychologia stanie si\u0119 moj\u0105 pasj\u0105. A jednak, us\u0142ysza\u0142am o niej w 2008 roku i wiedzia\u0142am, \u017ce jest to to czym chc\u0119 si\u0119 zajmowa\u0107 zawodowo. Od 2009 roku wprowadzi\u0142am na rynek swojego miasta trychologi\u0119. Pocz\u0105tek by\u0142 trudny, s\u0142owo trychologia wi\u0119kszo\u015bci mieszka\u0144com nic nie m\u00f3wi\u0142o, nie m\u00f3wi\u0105c o tym aby zaufali gabinetowi z tak dziwn\u0105 us\u0142ug\u0105. Wspominaj\u0105c pocz\u0105tek swojej drogi zawodowej jako trycholog, pojawia si\u0119 na mojej twarzy lekki u\u015bmiech, to by\u0142o troch\u0119 jak przecieranie drogi do nik\u0105d. Jednak pasji si\u0119 nie odpuszcza, up\u00f3r doprowadza do sukcesu. Tak w\u0142a\u015bnie mog\u0119 teraz sobie powiedzie\u0107..osi\u0105gn\u0119\u0142a\u015b sw\u00f3j ma\u0142y sukces. Nie spocz\u0119\u0142am jednak na laurach, nadal si\u0119 ucz\u0119, uczestnicz\u0119 w licznych szkoleniach, sympozjach, konferencjach medycznych podnosz\u0105c swoje kwalifikacj\u0119. Rozwijam swoje zainteresowania w dziedzinie kosmetyki, medycyny estetycznej, dietetyki. Tylko w taki spos\u00f3b mog\u0119 by\u0107 kompetentnym trychologiem, patrz\u0105c na swojego kilenta w spos\u00f3b holistyczny. Jestem r\u00f3wnie\u017c wsp\u00f3\u0142za\u0142o\u017cycielem Polskiego Stowarzyszenia Trychologicznego. Wyniki mojej pasji, wdzi\u0119czno\u015b\u0107 i u\u015bmiech moich klient\u00f3w, to ogromna satysfakcja i rado\u015b\u0107. Z czystym sumieniem mog\u0119 powiedzie\u0107&#8230;Twoje w\u0142osy nie maj\u0105 dla mnie tajemnic.<\/p><p>Jestem szcz\u0119\u015bciar\u0105, w \u017cyciu prywatnym jest jeszcze jedna pasja, g\u00f3ry. To tam nabieram dystansu do \u017cycia, \u0142aduje akumulatory do dalszej drogi zawodowej i \u017cyciowej. To one ucz\u0105 mnie pokory, wytrwa\u0142o\u015bci i rado\u015bci z \u017cycia.<\/p>\t\t\t\t\t<\/div>\n\t\t\t\t\t\t<\/div>\n\t\t\t\t<\/div>\n\t\t\t\t<div class=\"elementor-element elementor-element-9d9a53b elementor-widget elementor-widget-heading\" data-id=\"9d9a53b\" data-element_type=\"widget\" data-widget_type=\"heading.default\">\n\t\t\t\t<div class=\"elementor-widget-container\">\n\t\t\t<h2 class=\"elementor-heading-title elementor-size-default\">DARIA RODAK<\/h2>\t\t<\/div>\n\t\t\t\t<\/div>\n\t\t\t\t<div class=\"elementor-element elementor-element-ddccebf elementor-widget elementor-widget-heading\" data-id=\"ddccebf\" data-element_type=\"widget\" data-widget_type=\"heading.default\">\n\t\t\t\t<div class=\"elementor-widget-container\">\n\t\t\t<h2 class=\"elementor-heading-title elementor-size-default\">SPECJALISTA TRYCHOLOG<\/h2>\t\t<\/div>\n\t\t\t\t<\/div>\n\t\t\t\t\t\t<\/div>\n\t\t\t\t\t<\/div>\n\t\t<\/div>\n\t\t\t\t\t\t\t\t<\/div>\n\t\t\t\t\t<\/div>\n\t\t<\/section>\n\t\t\t\t\t\t<\/div>\n\t\t\t\t\t\t<\/div>\n\t\t\t\t\t<\/div>\n\t\t","protected":false},"excerpt":{"rendered":"<p>&#8220;Wybierz sobie zaw\u00f3d, kt\u00f3ry jest Twoj\u0105 pasj\u0105, a ju\u017c nigdy nie b\u0119dziesz pracowa\u0107&#8221;. To motto towarzyszy mi w moim \u017cyciu zawodowym od kiedy zaj\u0119\u0142am si\u0119 medycyn\u0105 naturaln\u0105. Uko\u0144czy\u0142am Studium Niekonwencjonalnych Metod Leczenia oraz liczne kursy terapii manualnych. Jednak nie przypuszcza\u0142am, \u017ce trychologia stanie si\u0119 moj\u0105 pasj\u0105. A jednak, us\u0142ysza\u0142am o niej w 2008 roku i [&hellip;]<\/p>\n","protected":false},"author":1,"featured_media":0,"parent":0,"menu_order":0,"comment_status":"closed","ping_status":"closed","template":"","meta":[],"_links":{"self":[{"href":"https:\/\/trychologwalbrzych.pl\/index.php?rest_route=\/wp\/v2\/pages\/1903"}],"collection":[{"href":"https:\/\/trychologwalbrzych.pl\/index.php?rest_route=\/wp\/v2\/pages"}],"about":[{"href":"https:\/\/trychologwalbrzych.pl\/index.php?rest_route=\/wp\/v2\/types\/page"}],"author":[{"embeddable":true,"href":"https:\/\/trychologwalbrzych.pl\/index.php?rest_route=\/wp\/v2\/users\/1"}],"replies":[{"embeddable":true,"href":"https:\/\/trychologwalbrzych.pl\/index.php?rest_route=%2Fwp%2Fv2%2Fcomments&post=1903"}],"version-history":[{"count":6,"href":"https:\/\/trychologwalbrzych.pl\/index.php?rest_route=\/wp\/v2\/pages\/1903\/revisions"}],"predecessor-version":[{"id":1966,"href":"https:\/\/trychologwalbrzych.pl\/index.php?rest_route=\/wp\/v2\/pages\/1903\/revisions\/1966"}],"wp:attachment":[{"href":"https:\/\/trychologwalbrzych.pl\/index.php?rest_route=%2Fwp%2Fv2%2Fmedia&parent=1903"}],"curies":[{"name":"wp","href":"https:\/\/api.w.org\/{rel}","templated":true}]}}