{"id":1983,"date":"2021-01-15T13:31:00","date_gmt":"2021-01-15T13:31:00","guid":{"rendered":"https:\/\/trychologwalbrzych.pl\/?page_id=1983"},"modified":"2021-01-15T13:58:37","modified_gmt":"2021-01-15T13:58:37","slug":"kosmetyka","status":"publish","type":"page","link":"https:\/\/trychologwalbrzych.pl\/?page_id=1983","title":{"rendered":"KOSMETYKA"},"content":{"rendered":"\t\t<div data-elementor-type=\"wp-page\" data-elementor-id=\"1983\" class=\"elementor elementor-1983\" data-elementor-settings=\"[]\">\n\t\t\t\t\t\t<div class=\"elementor-inner\">\n\t\t\t\t\t\t\t<div class=\"elementor-section-wrap\">\n\t\t\t\t\t\t\t<section class=\"elementor-section elementor-top-section elementor-element elementor-element-5734cfe elementor-section-content-middle elementor-section-stretched elementor-section-boxed elementor-section-height-default elementor-section-height-default\" data-id=\"5734cfe\" data-element_type=\"section\" data-settings=\"{&quot;background_background&quot;:&quot;classic&quot;,&quot;stretch_section&quot;:&quot;section-stretched&quot;,&quot;shape_divider_bottom&quot;:&quot;arrow&quot;}\">\n\t\t\t\t\t\t\t<div class=\"elementor-background-overlay\"><\/div>\n\t\t\t\t\t\t<div class=\"elementor-shape elementor-shape-bottom\" data-negative=\"false\">\n\t\t\t<svg xmlns=\"http:\/\/www.w3.org\/2000\/svg\" viewBox=\"0 0 700 10\" preserveAspectRatio=\"none\">\n\t<path class=\"elementor-shape-fill\" d=\"M350,10L340,0h20L350,10z\"\/>\n<\/svg>\t\t<\/div>\n\t\t\t\t\t<div class=\"elementor-container elementor-column-gap-no\">\n\t\t\t\t\t\t\t<div class=\"elementor-row\">\n\t\t\t\t\t<div class=\"elementor-column elementor-col-100 elementor-top-column elementor-element elementor-element-259a67a\" data-id=\"259a67a\" data-element_type=\"column\">\n\t\t\t<div class=\"elementor-column-wrap elementor-element-populated\">\n\t\t\t\t\t\t\t<div class=\"elementor-widget-wrap\">\n\t\t\t\t\t\t<div class=\"elementor-element elementor-element-26d98aa elementor-widget elementor-widget-heading\" data-id=\"26d98aa\" data-element_type=\"widget\" data-widget_type=\"heading.default\">\n\t\t\t\t<div class=\"elementor-widget-container\">\n\t\t\t<h4 class=\"elementor-heading-title elementor-size-default\">KOSMETYKA<\/h4>\t\t<\/div>\n\t\t\t\t<\/div>\n\t\t\t\t<div class=\"elementor-element elementor-element-0c82061 elementor-widget elementor-widget-heading\" data-id=\"0c82061\" data-element_type=\"widget\" data-widget_type=\"heading.default\">\n\t\t\t\t<div class=\"elementor-widget-container\">\n\t\t\t<h5 class=\"elementor-heading-title elementor-size-default\">TRYCHOLOG WA\u0141BRZYCH<\/h5>\t\t<\/div>\n\t\t\t\t<\/div>\n\t\t\t\t\t\t<\/div>\n\t\t\t\t\t<\/div>\n\t\t<\/div>\n\t\t\t\t\t\t\t\t<\/div>\n\t\t\t\t\t<\/div>\n\t\t<\/section>\n\t\t\t\t<section class=\"elementor-section elementor-top-section elementor-element elementor-element-ac022b2 elementor-section-content-middle elementor-section-stretched elementor-section-full_width elementor-section-height-default elementor-section-height-default elementor-invisible\" data-id=\"ac022b2\" data-element_type=\"section\" data-settings=\"{&quot;stretch_section&quot;:&quot;section-stretched&quot;,&quot;animation&quot;:&quot;fadeIn&quot;}\">\n\t\t\t\t\t\t<div class=\"elementor-container elementor-column-gap-no\">\n\t\t\t\t\t\t\t<div class=\"elementor-row\">\n\t\t\t\t\t<div class=\"elementor-column elementor-col-100 elementor-top-column elementor-element elementor-element-2481b37\" data-id=\"2481b37\" data-element_type=\"column\">\n\t\t\t<div class=\"elementor-column-wrap elementor-element-populated\">\n\t\t\t\t\t\t\t<div class=\"elementor-widget-wrap\">\n\t\t\t\t\t\t<div class=\"elementor-element elementor-element-2dde094 elementor-widget elementor-widget-toggle\" data-id=\"2dde094\" data-element_type=\"widget\" data-widget_type=\"toggle.default\">\n\t\t\t\t<div class=\"elementor-widget-container\">\n\t\t\t\t\t<div class=\"elementor-toggle\" role=\"tablist\">\n\t\t\t\t\t\t\t<div class=\"elementor-toggle-item\">\n\t\t\t\t\t<div id=\"elementor-tab-title-4801\" class=\"elementor-tab-title\" data-tab=\"1\" role=\"tab\" aria-controls=\"elementor-tab-content-4801\" aria-expanded=\"false\">\n\t\t\t\t\t\t\t\t\t\t\t\t<span class=\"elementor-toggle-icon elementor-toggle-icon-right\" aria-hidden=\"true\">\n\t\t\t\t\t\t\t\t\t\t\t\t\t\t\t<span class=\"elementor-toggle-icon-closed\"><i class=\"fas fa-caret-right\"><\/i><\/span>\n\t\t\t\t\t\t\t\t<span class=\"elementor-toggle-icon-opened\"><i class=\"elementor-toggle-icon-opened fas fa-caret-up\"><\/i><\/span>\n\t\t\t\t\t\t\t\t\t\t\t\t\t<\/span>\n\t\t\t\t\t\t\t\t\t\t\t\t<a href=\"\" class=\"elementor-toggle-title\">Oczyszczanie wodno-wodorowe HydroWell<\/a>\n\t\t\t\t\t<\/div>\n\n\t\t\t\t\t<div id=\"elementor-tab-content-4801\" class=\"elementor-tab-content elementor-clearfix\" data-tab=\"1\" role=\"tabpanel\" aria-labelledby=\"elementor-tab-title-4801\"><p>HYDROWELL-OCZYSZCZANIE WODNO-WODOROWE. REWOLUCJA W NIEINWAZYJNEJ METODZIE OCZYSZCZANIA SK\u00d3RY I ZABIEGACH ANTI-AGING<\/p><p>Oczyszczanie wodno-wodorowe odbywa si\u0119 na poziomie komorkowym za pomoc\u0105 innowacyjnego dzia\u0142ania wodoru. Wod\u00f3r wprowadzany jest za pomoc\u0105 strugi wody pod zwi\u0119kszonym ci\u015bnieniem, kt\u00f3ry dzia\u0142a jak super dok\u0142adny piling usuwaj\u0105cy zanieczyszczenia powsta\u0142e po makija\u017cu, kremach, p\u0142ynach itd. Usuwa martwe kom\u00f3rki nask\u00f3rka jak r\u00f3wnie\u017c redukuje nadmiar wolnych rodnik\u00f3w, kt\u00f3re s\u0105 przyczyn\u0105 przedwczesnego starzenia si\u0119 sk\u00f3ry. Efektem jest zatrzymanie proces\u00f3w starzenia a sk\u00f3ra jest nawil\u017cona, od\u017cywiona, zrewitalizowana, oczyszczona i napi\u0119ta.<\/p><p>Szczeg\u00f3lne wskazania do zabiegu oczyszczania wodorowego:<br \/>&#8211; sk\u00f3ra zanieczyszczona (twarz, plecy, dekold, przedramiona)<br \/>&#8211; sk\u00f3ra \u0142ojotokowa z rozszerzonymi porami<br \/>&#8211; sk\u00f3ra niedotleniona z brakiem napi\u0119cia i elastyczno\u015bci<br \/>&#8211; zmiany potr\u0105dzikowe<br \/>&#8211; zask\u00f3rniki<br \/>&#8211; odwodniona sk\u00f3ra<br \/>&#8211; przygotowanie do bardziej radykalnych zabieg\u00f3w z zakresu medycyny estetycznej<\/p><p>Przeciwwskazania do oczyszczania wodorowego:<br \/>&#8211; przerwana ci\u0105g\u0142o\u015b\u0107 skory<br \/>&#8211; zaostrzony przebieg tr\u0105dziku<br \/>&#8211; poparzenia s\u0142oneczne<br \/>&#8211; leczenie: izotretynoina, leki przeciwzakrzepowe<br \/>&#8211; leczenie onkologiczne<br \/>&#8211; epilepsja<br \/>&#8211; brodawki w obszarze zabiegowym<br \/>&#8211; tr\u0105dzik r\u00f3\u017cowaty w fazie zaostrzenia<br \/>&#8211; aktywna opryszczka<br \/>&#8211; \u0142uszczyca (aktywna)<br \/>&#8211; medycyna estetyczna (nie wcze\u015bniej ni\u017c 14 dni po zabiegu)<br \/>&#8211; depilacja (min. 4 dni po)<br \/>&#8211; gor\u0105czka<br \/>&#8211; grypa<br \/>&#8211; zapalenie zatok<br \/>&#8211; grzybica<\/p><p>Czas trwania zabiegu uzale\u017cniony jest od problemu sk\u00f3ry, oko\u0142o 1 godz.<\/p><p><strong>CENA &#8211; 180 z\u0142 (twarz)<\/strong><\/p><p>Urz\u0105dzenie posiada r\u00f3wnie\u017c inne funkcje, kt\u00f3re s\u0105 wykorzystywane podczas zabiegu, cena w\u00f3wczas ulega zmiane (dobieranie innych funkcji ustalane jest indywidualnie z klientem) \u0141\u0105czymy r\u00f3wnie\u017c oczyszczanie wodorowe z innymi zabiegami (infuzja tlenowa, masa\u017c, maski, maski tlenowe)<\/p><p>Dodatkowe funkcje urz\u0105dzenia HydroWell:<br \/>&#8211; piling kawitacyjny<br \/>&#8211; infuzja powietrzna<br \/>&#8211; ultrad\u017awi\u0119ki<br \/>&#8211; zimny-ciep\u0142y m\u0142otek<\/p><\/div>\n\t\t\t\t<\/div>\n\t\t\t\t\t\t\t<div class=\"elementor-toggle-item\">\n\t\t\t\t\t<div id=\"elementor-tab-title-4802\" class=\"elementor-tab-title\" data-tab=\"2\" role=\"tab\" aria-controls=\"elementor-tab-content-4802\" aria-expanded=\"false\">\n\t\t\t\t\t\t\t\t\t\t\t\t<span class=\"elementor-toggle-icon elementor-toggle-icon-right\" aria-hidden=\"true\">\n\t\t\t\t\t\t\t\t\t\t\t\t\t\t\t<span class=\"elementor-toggle-icon-closed\"><i class=\"fas fa-caret-right\"><\/i><\/span>\n\t\t\t\t\t\t\t\t<span class=\"elementor-toggle-icon-opened\"><i class=\"elementor-toggle-icon-opened fas fa-caret-up\"><\/i><\/span>\n\t\t\t\t\t\t\t\t\t\t\t\t\t<\/span>\n\t\t\t\t\t\t\t\t\t\t\t\t<a href=\"\" class=\"elementor-toggle-title\">Infuzja tlenowa<\/a>\n\t\t\t\t\t<\/div>\n\n\t\t\t\t\t<div id=\"elementor-tab-content-4802\" class=\"elementor-tab-content elementor-clearfix\" data-tab=\"2\" role=\"tabpanel\" aria-labelledby=\"elementor-tab-title-4802\"><p>Infuzja Tlenowa to droga do zdrowia i pi\u0119kna &#8211; rewolucja w odm\u0142adzaniu i piel\u0119gnacji sk\u00f3ry.<\/p><p>System infuzji tlenowej opartej o urz\u0105dzenie medyczne Hi-Tech renomowanego producenta z USA, kt\u00f3re pozyskuje z powietrza tlen o st\u0119\u017ceniu ok 93% oraz precyzyjnie przekazuje go na sk\u00f3r\u0119 pod odpowiednim ci\u015bnieniem. Infuzja tlenowa to nieinwazyjny, bezbolesny zabieg, kt\u00f3ry jest wykonywany w celu odm\u0142odzenia sk\u00f3ry. Zabieg polega na precyzyjnym rozprowadzeniu produktu z substancjami aktywnymi za pomoc\u0105 hiperbarycznego tlenu. Tak podany preparat skutecznie przenika do sk\u00f3ry.<\/p><p>Sk\u00f3ra po takim zabiegu staje si\u0119 od\u017cywiona, nawil\u017cona i wygl\u0105da m\u0142odziej, a wszystko to dzieje si\u0119 na wielu poziomach, nie tylko na zewn\u0105trz, ale r\u00f3wnie\u017c w najg\u0142\u0119bszych warstwach kom\u00f3rkowych. Efektem zabiegu jest : wyg\u0142adzona okolica oczu, rozja\u015bnione przebarwienia, lepsze ukrwienie sk\u00f3ry, zredukowane cienkie zmarszczki, poprawiony kontur twarzy, z\u0142agodzone objawy \u0142uszczycy i zmiany potr\u0105dzikowe, bardziej napi\u0119ta i elastyczna sk\u00f3ra.<\/p><p>Wskazania do zabiegu infuzji tlenowej:<br \/>&#8211; sk\u00f3ry wymagaj\u0105ce liftingu, z widocznymi zmarszczkami i bruzdami<br \/>&#8211; sk\u00f3ry wra\u017cliwe, potrzebuj\u0105ce od\u017cywienia i wzmocnienia, z drobnymi zmarszczkami po s\u0142o\u0144cu<br \/>&#8211; sk\u00f3ry ma\u0142o elastyczne, sk\u00f3ry m\u0142ode (od 25 roku \u017cycia)<br \/>&#8211; sk\u00f3ry dojrza\u0142e, szare, wymagaj\u0105ce regeneracji<br \/>&#8211; sk\u00f3ry t\u0142uste, mieszane, z tendencj\u0105 do tr\u0105dziku<br \/>&#8211; sk\u00f3ry z przebarwieniami, \u015bladami potr\u0105dzikowymi<br \/>&#8211; sk\u00f3ry z \u0142uszczyc\u0105<br \/>&#8211; mo\u017ce by\u0107 wykonywany u kobiet w ci\u0105\u017cy i matek karmi\u0105cych<\/p><p>Przeciwwskazania do zabiegu infuzji tlenowej:<br \/>&#8211; praktycznie nie ma przeciwwskaza\u0144 do zabiegu, wyj\u0105tek<br \/>&#8211; przerwana ci\u0105g\u0142o\u015b\u0107 sk\u00f3ry<br \/>&#8211; zapalenie zatok i grypa<br \/>&#8211; nowotwory zlokalizowane w obszarze zabiegowym<\/p><p>Czas trwania zabiegu oko\u0142o 90 min. Zabieg mo\u017ce by\u0107 \u0142\u0105czony z innymi zabiegami, np oczyszczaniem wodorowym lub masa\u017cem twarzy.<\/p><p><strong>CENA &#8211; 230 z\u0142 ( demakija\u017c, piling enzymatyczny, tlenoterapia i infuzja tlenowa). Z uzyciem maski pod tlenem, cena &#8211; 250 z\u0142<\/strong><\/p><p>W gabinecie Centrum Trychologii i Masa\u017cu Darmass procedury zabiegowe opracowane s\u0105 na kosmoceutykach Labolatorium Vivipharma Spa oraz Chrissie Cosmetics by Vivipharma Spa, kt\u00f3re produkowane s\u0105 z zastosowaniem najnowszych osi\u0105gni\u0119\u0107 biotechnologii, nano-technologii i farmakologii. S\u0105 dedykowane do zabieg\u00f3w infuzji tlenowej. Wytwarzane w nano-technologiizapewniaj\u0105 wysoki stopie\u0144 przenikania substancji aktywnych.<\/p><\/div>\n\t\t\t\t<\/div>\n\t\t\t\t\t\t\t\t<\/div>\n\t\t\t\t<\/div>\n\t\t\t\t<\/div>\n\t\t\t\t\t\t<\/div>\n\t\t\t\t\t<\/div>\n\t\t<\/div>\n\t\t\t\t\t\t\t\t<\/div>\n\t\t\t\t\t<\/div>\n\t\t<\/section>\n\t\t\t\t<section class=\"elementor-section elementor-top-section elementor-element elementor-element-7ba1e19e elementor-section-content-middle elementor-section-boxed elementor-section-height-default elementor-section-height-default\" data-id=\"7ba1e19e\" data-element_type=\"section\">\n\t\t\t\t\t\t<div class=\"elementor-container elementor-column-gap-no\">\n\t\t\t\t\t\t\t<div class=\"elementor-row\">\n\t\t\t\t\t<div class=\"elementor-column elementor-col-100 elementor-top-column elementor-element elementor-element-550176f\" data-id=\"550176f\" data-element_type=\"column\">\n\t\t\t<div class=\"elementor-column-wrap elementor-element-populated\">\n\t\t\t\t\t\t\t<div class=\"elementor-widget-wrap\">\n\t\t\t\t\t\t<div class=\"elementor-element elementor-element-24506a00 elementor-widget elementor-widget-heading\" data-id=\"24506a00\" data-element_type=\"widget\" data-widget_type=\"heading.default\">\n\t\t\t\t<div class=\"elementor-widget-container\">\n\t\t\t<h4 class=\"elementor-heading-title elementor-size-default\">Masa\u017ce kosmetyczne<\/h4>\t\t<\/div>\n\t\t\t\t<\/div>\n\t\t\t\t\t\t<\/div>\n\t\t\t\t\t<\/div>\n\t\t<\/div>\n\t\t\t\t\t\t\t\t<\/div>\n\t\t\t\t\t<\/div>\n\t\t<\/section>\n\t\t\t\t<section class=\"elementor-section elementor-top-section elementor-element elementor-element-727174e elementor-section-content-middle elementor-section-stretched elementor-section-full_width elementor-section-height-default elementor-section-height-default elementor-invisible\" data-id=\"727174e\" data-element_type=\"section\" data-settings=\"{&quot;stretch_section&quot;:&quot;section-stretched&quot;,&quot;animation&quot;:&quot;fadeIn&quot;}\">\n\t\t\t\t\t\t<div class=\"elementor-container elementor-column-gap-no\">\n\t\t\t\t\t\t\t<div class=\"elementor-row\">\n\t\t\t\t\t<div class=\"elementor-column elementor-col-100 elementor-top-column elementor-element elementor-element-a2719f5\" data-id=\"a2719f5\" data-element_type=\"column\">\n\t\t\t<div class=\"elementor-column-wrap elementor-element-populated\">\n\t\t\t\t\t\t\t<div class=\"elementor-widget-wrap\">\n\t\t\t\t\t\t<div class=\"elementor-element elementor-element-8c14d0b elementor-widget elementor-widget-toggle\" data-id=\"8c14d0b\" data-element_type=\"widget\" data-widget_type=\"toggle.default\">\n\t\t\t\t<div class=\"elementor-widget-container\">\n\t\t\t\t\t<div class=\"elementor-toggle\" role=\"tablist\">\n\t\t\t\t\t\t\t<div class=\"elementor-toggle-item\">\n\t\t\t\t\t<div id=\"elementor-tab-title-1461\" class=\"elementor-tab-title\" data-tab=\"1\" role=\"tab\" aria-controls=\"elementor-tab-content-1461\" aria-expanded=\"false\">\n\t\t\t\t\t\t\t\t\t\t\t\t<span class=\"elementor-toggle-icon elementor-toggle-icon-right\" aria-hidden=\"true\">\n\t\t\t\t\t\t\t\t\t\t\t\t\t\t\t<span class=\"elementor-toggle-icon-closed\"><i class=\"fas fa-caret-right\"><\/i><\/span>\n\t\t\t\t\t\t\t\t<span class=\"elementor-toggle-icon-opened\"><i class=\"elementor-toggle-icon-opened fas fa-caret-up\"><\/i><\/span>\n\t\t\t\t\t\t\t\t\t\t\t\t\t<\/span>\n\t\t\t\t\t\t\t\t\t\t\t\t<a href=\"\" class=\"elementor-toggle-title\">Niechirurgiczny lifting twarzy-masa\u017c KOBIDO<\/a>\n\t\t\t\t\t<\/div>\n\n\t\t\t\t\t<div id=\"elementor-tab-content-1461\" class=\"elementor-tab-content elementor-clearfix\" data-tab=\"1\" role=\"tabpanel\" aria-labelledby=\"elementor-tab-title-1461\"><p>Niechirurgiczny lifting twarzy-masa\u017c KOBIDO. To niepowtarzalna forma sztuki masa\u017cu, kt\u00f3ra oznacza &#8220;Stara\u017cytn\u0105 drog\u0119 do Pi\u0119kna&#8221;. Wi\u0119kszo\u015b\u0107 metod masa\u017cu twarzy dzia\u0142a na powierzchni twarzy. Kobido poprzez swoj\u0105 z\u0142o\u017cono\u015b\u0107 i intensywno\u015b\u0107 technik dzia\u0142a na g\u0142\u0119bszych warstwach naszej sk\u00f3ry i mi\u0119\u015bni. Masa\u017c jest g\u0142\u0119bok\u0105 kmbinacj\u0105 tradycyjnych japo\u0144skich koncepcji medycznych i r\u00f3\u017cnych technik manipulacji r\u0119k\u0105. Masa\u017c uaktywnia nerwy twarzy, a tym samym zwi\u0119ksza przep\u0142yw Qi (energia)na twarzy, co prowadzi do naturalnego efektu liftingu.<\/p><p>Wizualne efekty masa\u017cu Kobido:<br \/>&#8211; niweluje napi\u0119cia mi\u0119\u015bniowe, kt\u00f3re powoduj\u0105 zmarszczki mimiczne<br \/>&#8211; zapobiega lub zmniejsza efekty starzenia si\u0119 sk\u00f3ry<br \/>&#8211; odzyskuje m\u0142od\u0105 twarz poprzez g\u0142\u0119bok\u0105 prac\u0119 na strukturach mi\u0119\u015bni<br \/>&#8211; stymuluje metabolizm kom\u00f3rkowy, co przyczynia si\u0119 do szybszej regeneracji sk\u00f3ry<br \/>&#8211; oczyszcza sk\u00f3r\u0119 usuwaj\u0105c toksyny, zanieczyszczenia i martwe kom\u00f3rki sk\u00f3ry dzi\u0119ki czemu odzyskuje naturalny blask<br \/>&#8211; niweluje nadmierne napi\u0119cie w okolicach szyi, klatki piersiowej i owalu twarzy<br \/>&#8211; stymuluje produkcj\u0119 sk\u0142adnikow sk\u00f3ry-kolagen i elastyn\u0119<\/p><p>Zdrowotne efekty masa\u017cu Kobido:<br \/>&#8211; reguluje bilans energetyczny ca\u0142ego cia\u0142a<br \/>&#8211; walczy ze stresem<br \/>&#8211; zapewnia pe\u0142ny relaks i odpr\u0119\u017cenie<br \/>&#8211; zmniejsza efekty bruksizmu<br \/>&#8211; \u0142agodzi b\u00f3le g\u0142owy<br \/>&#8211; zmniejsza problemy z uk\u0142adem pokarmowym<br \/>&#8211; poprawia wzrok<\/p><p>Przeciwwskazania do masa\u017cu<br \/>&#8211; ostre stany zapalne organizmu (gor\u0105czka)<br \/>&#8211; stany zapalne sk\u00f3ry (alergicznei zaka\u017cne)<br \/>&#8211; przerwanie ci\u0105g\u0142o\u015bci nask\u00f3rka<br \/>&#8211; cera naczynkowa<br \/>&#8211; wysokie nadci\u015bnienie t\u0119tnicze<br \/>&#8211; ekstrakcja z\u0119ba, stany ropne oko\u0142oz\u0119bowe<br \/>&#8211; tr\u0105dzik r\u00f3\u017cowaty<br \/>&#8211; zabiegi medycyny estetycznej od 2 tygodni do 6 miesi\u0119cy w zale\u017cno\u015bci od zabiegu.<\/p><p>Masa\u017c wykonywany jest jako osobna seria samego masa\u017cu poprzedzona demakija\u017cem<\/p><p><strong>Czas trwania-60 min<br \/>CENA &#8211; 130 z\u0142<\/strong><\/p><p>Masa\u017c Kobido \u0142\u0105czymy r\u00f3wnie\u017c z innymi zabiegami i preparatami, ustalaj\u0105c indywidualnie z klientem rodzaj zabiegu.<\/p><p>Efekt po pierwszym zabiegu:<\/p><p><img loading=\"lazy\" class=\"alignnone size-medium wp-image-2003\" src=\"https:\/\/trychologwalbrzych.pl\/wp-content\/uploads\/2021\/01\/1-1-300x300.jpeg\" alt=\"\" width=\"300\" height=\"300\" srcset=\"https:\/\/trychologwalbrzych.pl\/wp-content\/uploads\/2021\/01\/1-1-300x300.jpeg 300w, https:\/\/trychologwalbrzych.pl\/wp-content\/uploads\/2021\/01\/1-1-150x150.jpeg 150w, https:\/\/trychologwalbrzych.pl\/wp-content\/uploads\/2021\/01\/1-1.jpeg 500w\" sizes=\"(max-width: 300px) 100vw, 300px\" \/><\/p><\/div>\n\t\t\t\t<\/div>\n\t\t\t\t\t\t\t<div class=\"elementor-toggle-item\">\n\t\t\t\t\t<div id=\"elementor-tab-title-1462\" class=\"elementor-tab-title\" data-tab=\"2\" role=\"tab\" aria-controls=\"elementor-tab-content-1462\" aria-expanded=\"false\">\n\t\t\t\t\t\t\t\t\t\t\t\t<span class=\"elementor-toggle-icon elementor-toggle-icon-right\" aria-hidden=\"true\">\n\t\t\t\t\t\t\t\t\t\t\t\t\t\t\t<span class=\"elementor-toggle-icon-closed\"><i class=\"fas fa-caret-right\"><\/i><\/span>\n\t\t\t\t\t\t\t\t<span class=\"elementor-toggle-icon-opened\"><i class=\"elementor-toggle-icon-opened fas fa-caret-up\"><\/i><\/span>\n\t\t\t\t\t\t\t\t\t\t\t\t\t<\/span>\n\t\t\t\t\t\t\t\t\t\t\t\t<a href=\"\" class=\"elementor-toggle-title\">Masa\u017c anti-aging wg dr. Pi\u0105tkowskiego<\/a>\n\t\t\t\t\t<\/div>\n\n\t\t\t\t\t<div id=\"elementor-tab-content-1462\" class=\"elementor-tab-content elementor-clearfix\" data-tab=\"2\" role=\"tabpanel\" aria-labelledby=\"elementor-tab-title-1462\"><p>Masa\u017c anti-aging twarzy opracowany przez dr. Paw\u0142a Pi\u0105tkowskiego to doskona\u0142y spos\u00f3b na zachowanie m\u0142odego wygl\u0105du.Stosowane techniki znakomicie poprawiaj\u0105 spr\u0119\u017cysto\u015b\u0107 mi\u0119\u015bni i sk\u00f3ry twarzy. Masa\u017c sprawdza si\u0119 bardzo dobrze jako zabieg dla os\u00f3b z widocznymi oznakami up\u0142ywaj\u0105cego czasu oraz jako zabieg profilaktyczny. Efekty widoczne s\u0105 ju\u017c po pierwszym masa\u017cu. Podczas zabiegu obserwujemy m.in. mimik\u0119 twarzy, poznaj\u0105c dzi\u0119ki temu osobowo\u015b\u0107 klienta i te nawyki mimiczne, kt\u00f3re maj\u0105 wp\u0142yw na powstanie zmarszczek oraz napi\u0119\u0107 mi\u0119\u015bniowych.<\/p><p>Efekty masa\u017cu:<br \/>&#8211; profilaktyka oraz przeciwdzia\u0142anie procesom starzenia sk\u00f3ry,<br \/>&#8211; zapobieganie powstawaniu g\u0142\u0119bokich bruzd,<br \/>&#8211; redukcja i sp\u0142ycenie zmarszczek,<br \/>&#8211; poprawa ukrwienia i dotlenienie sk\u00f3ry,<br \/>&#8211; rozlu\u017anienie mi\u0119\u015bni twarzy oraz poprawa ich elastyczno\u015bci i spr\u0119\u017cysto\u015bci,<br \/>&#8211; oczyszczenie sk\u00f3ry, dzia\u0142a jak delikatny peeling (u\u0142atwia z\u0142uszczenie martwego nask\u00f3rka oraz pobudza do odnowy),<br \/>&#8211; likwidacja napi\u0119cia, jak sztywnienie karku czy b\u00f3le g\u0142owy,<br \/>&#8211; wyg\u0142adzenie powierzchni sk\u00f3ry,<br \/>&#8211; poprawa struktury i g\u0119sto\u015bci sk\u00f3ry,<br \/>&#8211; stymulacja odnowy w\u0142\u00f3kien kolagenowych i elastyny,<br \/>&#8211; uj\u0119drnianie i uelastycznianie sk\u00f3ry,<br \/>&#8211; relaks i g\u0142\u0119bokie odpr\u0119\u017cenie,<br \/>&#8211; nadawanie blasku sk\u00f3rze, utrzymanie odpowiedniego nawil\u017cenia sk\u00f3ry,<br \/>&#8211; poprawa owalu twarzy,<br \/>&#8211; przyspieszanie wch\u0142aniania substancji aktywnych, znajduj\u0105cych si\u0119 w preparatach, a zastosowanych w czasie masa\u017cu.<\/p><p>Przeciwwskazania do masa\u017cu:<br \/>&#8211; przerwanie ci\u0105g\u0142o\u015bci nask\u00f3rka,<br \/>&#8211; choroby tarczycy,<br \/>&#8211; zmiany dermatologiczne sk\u00f3ry,<br \/>&#8211; \u015bwie\u017ce blizny,<br \/>&#8211; przebyte zabiegi chirurgiczne w obr\u0119bie twarzy w nied\u0142ugim okresie,<br \/>&#8211; nowotwory,<br \/>&#8211; gor\u0105czka,<br \/>&#8211; ostre stany zapalne, na przyk\u0142ad opryszczka, zapalenie migda\u0142\u00f3w, ropie\u0144 z\u0119ba<\/p><p>Czas wykonywanego masa\u017cu 30 min. W gabinecie Cantrum Trychologii i Masa\u017cu DARMASS masa\u017c \u0142\u0105czymy z innymi zabiegami, np. infuzj\u0105 tlenow\u0105.<\/p><p><strong>CENA &#8211; 60 z\u0142 (30 min)<\/strong><\/p><\/div>\n\t\t\t\t<\/div>\n\t\t\t\t\t\t\t\t<\/div>\n\t\t\t\t<\/div>\n\t\t\t\t<\/div>\n\t\t\t\t\t\t<\/div>\n\t\t\t\t\t<\/div>\n\t\t<\/div>\n\t\t\t\t\t\t\t\t<\/div>\n\t\t\t\t\t<\/div>\n\t\t<\/section>\n\t\t\t\t\t\t<\/div>\n\t\t\t\t\t\t<\/div>\n\t\t\t\t\t<\/div>\n\t\t","protected":false},"excerpt":{"rendered":"<p>KOSMETYKA TRYCHOLOG WA\u0141BRZYCH Oczyszczanie wodno-wodorowe HydroWell HYDROWELL-OCZYSZCZANIE WODNO-WODOROWE. REWOLUCJA W NIEINWAZYJNEJ METODZIE OCZYSZCZANIA SK\u00d3RY I ZABIEGACH ANTI-AGING Oczyszczanie wodno-wodorowe odbywa si\u0119 na poziomie komorkowym za pomoc\u0105 innowacyjnego dzia\u0142ania wodoru. Wod\u00f3r wprowadzany jest za pomoc\u0105 strugi wody pod zwi\u0119kszonym ci\u015bnieniem, kt\u00f3ry dzia\u0142a jak super dok\u0142adny piling usuwaj\u0105cy zanieczyszczenia powsta\u0142e po makija\u017cu, kremach, p\u0142ynach itd. Usuwa martwe [&hellip;]<\/p>\n","protected":false},"author":1,"featured_media":0,"parent":0,"menu_order":0,"comment_status":"closed","ping_status":"closed","template":"","meta":[],"_links":{"self":[{"href":"https:\/\/trychologwalbrzych.pl\/index.php?rest_route=\/wp\/v2\/pages\/1983"}],"collection":[{"href":"https:\/\/trychologwalbrzych.pl\/index.php?rest_route=\/wp\/v2\/pages"}],"about":[{"href":"https:\/\/trychologwalbrzych.pl\/index.php?rest_route=\/wp\/v2\/types\/page"}],"author":[{"embeddable":true,"href":"https:\/\/trychologwalbrzych.pl\/index.php?rest_route=\/wp\/v2\/users\/1"}],"replies":[{"embeddable":true,"href":"https:\/\/trychologwalbrzych.pl\/index.php?rest_route=%2Fwp%2Fv2%2Fcomments&post=1983"}],"version-history":[{"count":4,"href":"https:\/\/trychologwalbrzych.pl\/index.php?rest_route=\/wp\/v2\/pages\/1983\/revisions"}],"predecessor-version":[{"id":2006,"href":"https:\/\/trychologwalbrzych.pl\/index.php?rest_route=\/wp\/v2\/pages\/1983\/revisions\/2006"}],"wp:attachment":[{"href":"https:\/\/trychologwalbrzych.pl\/index.php?rest_route=%2Fwp%2Fv2%2Fmedia&parent=1983"}],"curies":[{"name":"wp","href":"https:\/\/api.w.org\/{rel}","templated":true}]}}